{"id":63,"date":"2026-04-17T12:44:46","date_gmt":"2026-04-17T12:44:46","guid":{"rendered":"https:\/\/ikkunoidenpesu.fi\/?page_id=63"},"modified":"2026-04-17T12:46:41","modified_gmt":"2026-04-17T12:46:41","slug":"tietosuojaseloste","status":"publish","type":"page","link":"https:\/\/ikkunoidenpesu.fi\/index.php\/tietosuojaseloste\/","title":{"rendered":"Tietosuojaseloste"},"content":{"rendered":"\t\t<div data-elementor-type=\"wp-page\" data-elementor-id=\"63\" class=\"elementor elementor-63\">\n\t\t\t\t<div class=\"elementor-element elementor-element-76376c6 e-flex e-con-boxed e-con e-parent\" data-id=\"76376c6\" data-element_type=\"container\" data-e-type=\"container\">\n\t\t\t\t\t<div class=\"e-con-inner\">\n\t\t\t\t<div class=\"elementor-element elementor-element-209c463 elementor-widget elementor-widget-text-editor\" data-id=\"209c463\" data-element_type=\"widget\" data-e-type=\"widget\" data-widget_type=\"text-editor.default\">\n\t\t\t\t\t\t\t\t\t<p class=\"p1\"><span class=\"s1\">Rekisterinpit\u00e4j\u00e4<\/span><\/p>\n<p class=\"p1\"><span class=\"s2\">Serviclar Oy<\/span><\/p>\n<p class=\"p1\"><span class=\"s2\">Y-tunnus: <a href=\"tel:3163318-5\">3163318-5<\/a><\/span><\/p>\n<p class=\"p1\"><span class=\"s2\">S\u00e4hk\u00f6posti: <a href=\"mailto:myynti@ikkunoidenpesu.fi\">myynti@ikkunoidenpesu.fi<\/a><\/span><\/p>\n<p class=\"p1\"><span class=\"s2\">Puhelin: <a href=\"tel:040%203618647\">040 3618647<\/a><\/span><\/p>\n<p class=\"p2\">\u00a0<\/p>\n<hr \/>\n<p>\u00a0<\/p>\n<p class=\"p1\"><span class=\"s1\">Ker\u00e4tt\u00e4v\u00e4t tiedot<\/span><\/p>\n<p class=\"p1\"><span class=\"s2\">Ker\u00e4\u00e4mme asiakkailta seuraavia tietoja:<\/span><\/p>\n<p class=\"p2\">\u00a0<\/p>\n<ul>\n<li>\n<p class=\"p1\"><span class=\"s1\">nimi<\/span><\/p>\n<\/li>\n<li>\n<p class=\"p1\"><span class=\"s1\">puhelinnumero<\/span><\/p>\n<\/li>\n<li>\n<p class=\"p1\"><span class=\"s1\">s\u00e4hk\u00f6postiosoite<\/span><\/p>\n<\/li>\n<li>\n<p class=\"p1\"><span class=\"s1\">osoite (tarjouspyynt\u00f6\u00e4 varten)<\/span><\/p>\n<\/li>\n<\/ul>\n<p>\u00a0<\/p>\n<p class=\"p2\">\u00a0<\/p>\n<hr \/>\n<p>\u00a0<\/p>\n<p class=\"p1\"><span class=\"s1\">Tietojen k\u00e4ytt\u00f6tarkoitus<\/span><\/p>\n<p class=\"p1\"><span class=\"s2\">Tietoja k\u00e4ytet\u00e4\u00e4n:<\/span><\/p>\n<p class=\"p2\">\u00a0<\/p>\n<ul>\n<li>\n<p class=\"p1\"><span class=\"s1\">yhteydenottoon<\/span><\/p>\n<\/li>\n<li>\n<p class=\"p1\"><span class=\"s1\">tarjousten tekemiseen<\/span><\/p>\n<\/li>\n<li>\n<p class=\"p1\"><span class=\"s1\">asiakassuhteen hoitamiseen<\/span><\/p>\n<\/li>\n<\/ul>\n<p>\u00a0<\/p>\n<p class=\"p2\">\u00a0<\/p>\n<hr \/>\n<p>\u00a0<\/p>\n<p class=\"p1\"><span class=\"s1\">Tietojen s\u00e4ilytysaika<\/span><\/p>\n<p class=\"p1\"><span class=\"s2\">S\u00e4ilyt\u00e4mme tietoja vain niin kauan kuin on tarpeen asiakassuhteen hoitamiseksi.<\/span><\/p>\n<p class=\"p2\">\u00a0<\/p>\n<hr \/>\n<p>\u00a0<\/p>\n<p class=\"p1\"><span class=\"s1\">Tietojen luovutus<\/span><\/p>\n<p class=\"p1\"><span class=\"s2\">Emme luovuta tietoja ulkopuolisille tahoille ilman asiakkaan suostumusta, ellei laki sit\u00e4 edellyt\u00e4.<\/span><\/p>\n<p class=\"p2\">\u00a0<\/p>\n<hr \/>\n<p>\u00a0<\/p>\n<p class=\"p1\"><span class=\"s1\">Tietojen suojaus<\/span><\/p>\n<p class=\"p1\"><span class=\"s2\">Tietoja k\u00e4sitell\u00e4\u00e4n luottamuksellisesti ja asianmukaisesti suojattuina.<\/span><\/p>\n<p class=\"p2\">\u00a0<\/p>\n<hr \/>\n<p>\u00a0<\/p>\n<p class=\"p1\"><span class=\"s1\">Rekister\u00f6idyn oikeudet<\/span><\/p>\n<p class=\"p1\"><span class=\"s2\">Asiakkaalla on oikeus:<\/span><\/p>\n<p class=\"p2\">\u00a0<\/p>\n<ul>\n<li>\n<p class=\"p1\"><span class=\"s1\">tarkastaa omat tietonsa<\/span><\/p>\n<\/li>\n<li>\n<p class=\"p1\"><span class=\"s1\">pyyt\u00e4\u00e4 tietojen oikaisua tai poistamista<\/span><\/p>\n<\/li>\n<\/ul>\n<p>\u00a0<\/p>\n<p class=\"p2\">\u00a0<\/p>\n<hr \/>\n<p>\u00a0<\/p>\n<p class=\"p1\"><span class=\"s1\">Yhteydenotot<\/span><\/p>\n<p class=\"p1\"><span class=\"s2\">Tietosuojaan liittyviss\u00e4 asioissa voi ottaa yhteytt\u00e4:<\/span><\/p>\n<p class=\"p1\"><span class=\"s2\"><a href=\"mailto:myynti@ikkunoidenpesu.fi\">myynti@ikkunoidenpesu.fi<\/a><\/span><\/p>\t\t\t\t\t\t\t\t<\/div>\n\t\t\t\t\t<\/div>\n\t\t\t\t<\/div>\n\t\t\t\t<\/div>\n\t\t","protected":false},"excerpt":{"rendered":"<p>Rekisterinpit\u00e4j\u00e4 Serviclar Oy Y-tunnus: 3163318-5 S\u00e4hk\u00f6posti: myynti@ikkunoidenpesu.fi Puhelin: 040 3618647 \u00a0 \u00a0 Ker\u00e4tt\u00e4v\u00e4t tiedot Ker\u00e4\u00e4mme asiakkailta seuraavia tietoja: \u00a0 nimi puhelinnumero s\u00e4hk\u00f6postiosoite osoite (tarjouspyynt\u00f6\u00e4 varten) \u00a0 \u00a0 \u00a0 Tietojen k\u00e4ytt\u00f6tarkoitus Tietoja k\u00e4ytet\u00e4\u00e4n: \u00a0 yhteydenottoon tarjousten tekemiseen asiakassuhteen hoitamiseen \u00a0 \u00a0 \u00a0 Tietojen s\u00e4ilytysaika S\u00e4ilyt\u00e4mme tietoja vain niin kauan kuin on tarpeen asiakassuhteen hoitamiseksi. \u00a0 \u00a0 [&hellip;]<\/p>\n","protected":false},"author":1,"featured_media":0,"parent":0,"menu_order":0,"comment_status":"closed","ping_status":"closed","template":"","meta":{"footnotes":""},"class_list":["post-63","page","type-page","status-publish","hentry"],"_links":{"self":[{"href":"https:\/\/ikkunoidenpesu.fi\/index.php\/wp-json\/wp\/v2\/pages\/63","targetHints":{"allow":["GET"]}}],"collection":[{"href":"https:\/\/ikkunoidenpesu.fi\/index.php\/wp-json\/wp\/v2\/pages"}],"about":[{"href":"https:\/\/ikkunoidenpesu.fi\/index.php\/wp-json\/wp\/v2\/types\/page"}],"author":[{"embeddable":true,"href":"https:\/\/ikkunoidenpesu.fi\/index.php\/wp-json\/wp\/v2\/users\/1"}],"replies":[{"embeddable":true,"href":"https:\/\/ikkunoidenpesu.fi\/index.php\/wp-json\/wp\/v2\/comments?post=63"}],"version-history":[{"count":5,"href":"https:\/\/ikkunoidenpesu.fi\/index.php\/wp-json\/wp\/v2\/pages\/63\/revisions"}],"predecessor-version":[{"id":69,"href":"https:\/\/ikkunoidenpesu.fi\/index.php\/wp-json\/wp\/v2\/pages\/63\/revisions\/69"}],"wp:attachment":[{"href":"https:\/\/ikkunoidenpesu.fi\/index.php\/wp-json\/wp\/v2\/media?parent=63"}],"curies":[{"name":"wp","href":"https:\/\/api.w.org\/{rel}","templated":true}]}}